{"id":126,"date":"2024-05-07T14:02:46","date_gmt":"2024-05-07T14:02:46","guid":{"rendered":"https:\/\/normatech.easy-app.space\/?page_id=126"},"modified":"2024-05-16T09:27:14","modified_gmt":"2024-05-16T09:27:14","slug":"chi-siamo","status":"publish","type":"page","link":"https:\/\/normatech.it\/en\/chi-siamo\/","title":{"rendered":"Chi siamo"},"content":{"rendered":"<h1>NORMATECH: una realt\u00e0 indiscutibile.<\/h1>\n<div>\n<div style=\"width: 100%; border: 1px solid #2b5a28;\"><\/div>\n<\/div>\n<div>\n<p><strong>NORMATECH<\/strong> nasce dall\u2019esperienza accumulata in pi\u00f9 di mezzo secolo di attivit\u00e0 dalla Eurotarget Srl, azienda primaria nella produzione e vendita di Piattelli per Tiro a Volo. Oggi Eurotarget si \u00e8 unita ad un\u2019altra grande realt\u00e0 del nostro settore che ha operato da pi\u00f9 di vent\u2019anni nella salvaguardia ambientale delle attivit\u00e0 di Tiro a Volo, la IES Srl. L\u2019unione di queste due aziende ha dato vita ad un\u2019unica impresa che oggi si propone, nel settore del tiro sportivo, come partner per tutti i club nella ricerca della soluzione all\u2019impatto ambientale. <strong>NORMATECH<\/strong>\u00a0da anni propone soluzioni alle esigenze di recupero e gestione dei residui dell\u2019attivit\u00e0 di Tiro. \u00c8 coadiuvata dai migliori tecnici presenti nel settore e ha sviluppato sistemi e materiali all\u2019avanguardia per ogni singolo aspetto della gestione ambientale delle societ\u00e0 di Tiro. <strong>NORMATECH<\/strong> collabora con tutte le maggiori federazioni nazionali ed internazionali, a partire dalla ISSF, e collabora con i maggiori enti europei per la gestione degli aspetti ambientali del nostro sport. Attraverso i servizi <strong>NORMATECH<\/strong>\u00a0\u00e8 possibile creare un\u2019attivit\u00e0 di Tiro a Volo ad impatto zero: questa \u00e8 la nostra forza e rappresenta il futuro del settore del tiro sportivo.<\/p>\n<\/div>\n<p><img decoding=\"async\" src=\"\/wp-content\/uploads\/2024\/05\/logo-mega.png\" alt=\"\"><br \/>\n<img decoding=\"async\" src=\"\/wp-content\/uploads\/2024\/05\/azienda.jpg\" alt=\"\"><\/p>\n<h1>Il successo<br \/>\u00e8 spesso figlio di scelte audaci.<\/h1>\n<p><img decoding=\"async\" src=\"\/wp-content\/uploads\/2024\/05\/mondo.png\" alt=\"\"><\/p>\n<div>\n<p>NORMATECH \u00e8 attiva da molti anni in diverse zone del mondo ed \u00e8 impegnata nell\u2019affrontare le esigenze sempre pi\u00f9 attuali legate alla salvaguardia ambientale per tutte le attivit\u00e0 di tiro sportivo. Collaborando con le principali federazioni mondiali e le pi\u00f9 grandi associazioni, NORMATECH offre consulenza e servizi in occasione delle principali manifestazioni sportive. La dimensione internazionale dell\u2019azienda permette di fornire soluzioni rivolte alla salvaguardia ambientale in tutti i continenti del mondo. Grazie all\u2019utilizzo di manuali redatti in diverse lingue e di materiali adatti alle varie condizioni climatiche, NORMATECH \u00e8 in grado di offrire le proprie soluzioni ovunque, contribuendo cos\u00ec a promuovere la sostenibilit\u00e0 ambientale nel settore del tiro sportivo su scala mondiale.<\/p>\n<\/div>\n<p><!--more--><br \/>\n<!-- {\"type\":\"layout\",\"children\":[{\"type\":\"section\",\"props\":{\"css\":\".el-section{position:relative;top:-105px;z-index:-1}\",\"height\":\"pixels\",\"height_viewport\":650,\"image\":\"wp-content\\\/uploads\\\/2024\\\/05\\\/about-header.jpg\",\"image_position\":\"top-center\",\"image_size\":\"cover\",\"media_focal_point\":\"top-center\",\"style\":\"default\",\"title_breakpoint\":\"xl\",\"title_position\":\"top-left\",\"title_rotation\":\"left\",\"vertical_align\":\"middle\",\"width\":\"default\"},\"children\":[{\"type\":\"row\",\"children\":[{\"type\":\"column\",\"props\":{\"image_position\":\"center-center\",\"position_sticky_breakpoint\":\"m\"}}]}]},{\"type\":\"section\",\"props\":{\"image_position\":\"center-center\",\"padding_remove_top\":true,\"style\":\"default\",\"title_breakpoint\":\"xl\",\"title_position\":\"top-left\",\"title_rotation\":\"left\",\"vertical_align\":\"middle\",\"width\":\"default\"},\"children\":[{\"type\":\"row\",\"children\":[{\"type\":\"column\",\"props\":{\"image_position\":\"center-center\",\"position_sticky_breakpoint\":\"m\"},\"children\":[{\"type\":\"headline\",\"props\":{\"content\":\"NORMATECH: una realt\\u00e0 indiscutibile.\",\"css\":\".el-element{font-weight:700}\",\"text_align\":\"center\",\"title_color\":\"primary\",\"title_element\":\"h1\",\"title_style\":\"heading-small\"}},{\"type\":\"text\",\"props\":{\"block_align\":\"center\",\"column_breakpoint\":\"m\",\"content\":\"\n\n<div style=\\\"width: 100%; border: 1px solid #2b5a28;\\\"><\\\/div>\",\"margin\":\"default\",\"maxwidth\":\"xlarge\"},\"name\":\"short-divider\"}]}]},{\"type\":\"row\",\"children\":[{\"type\":\"column\",\"props\":{\"image_position\":\"center-center\",\"position_sticky_breakpoint\":\"m\"},\"children\":[{\"type\":\"text\",\"props\":{\"block_align\":\"center\",\"column_breakpoint\":\"m\",\"content\":\"\n\n<p><strong>NORMATECH<\\\/strong> nasce dall\\u2019esperienza accumulata in pi\\u00f9 di mezzo secolo di attivit\\u00e0 dalla Eurotarget Srl, azienda primaria nella produzione e vendita di Piattelli per Tiro a Volo. Oggi Eurotarget si \\u00e8 unita ad un\\u2019altra grande realt\\u00e0 del nostro settore che ha operato da pi\\u00f9 di vent\\u2019anni nella salvaguardia ambientale delle attivit\\u00e0 di Tiro a Volo, la IES Srl. L\\u2019unione di queste due aziende ha dato vita ad un\\u2019unica impresa che oggi si propone, nel settore del tiro sportivo, come partner per tutti i club nella ricerca della soluzione all\\u2019impatto ambientale. <strong>NORMATECH<\\\/strong>\\u00a0da anni propone soluzioni alle esigenze di recupero e gestione dei residui dell\\u2019attivit\\u00e0 di Tiro. \\u00c8 coadiuvata dai migliori tecnici presenti nel settore e ha sviluppato sistemi e materiali all\\u2019avanguardia per ogni singolo aspetto della gestione ambientale delle societ\\u00e0 di Tiro. <strong>NORMATECH<\\\/strong> collabora con tutte le maggiori federazioni nazionali ed internazionali, a partire dalla ISSF, e collabora con i maggiori enti europei per la gestione degli aspetti ambientali del nostro sport. Attraverso i servizi <strong>NORMATECH<\\\/strong>\\u00a0\\u00e8 possibile creare un\\u2019attivit\\u00e0 di Tiro a Volo ad impatto zero: questa \\u00e8 la nostra forza e rappresenta il futuro del settore del tiro sportivo.<\\\/p>\",\"margin\":\"default\",\"margin_remove_top\":false,\"maxwidth\":\"xlarge\"}}]}],\"props\":{\"margin_remove_top\":false}}]},{\"type\":\"section\",\"props\":{\"image_position\":\"center-center\",\"style\":\"default\",\"title_breakpoint\":\"xl\",\"title_position\":\"top-left\",\"title_rotation\":\"left\",\"vertical_align\":\"middle\",\"width\":\"default\"},\"children\":[{\"type\":\"row\",\"children\":[{\"type\":\"column\",\"props\":{\"image_position\":\"center-center\",\"position_sticky_breakpoint\":\"m\"},\"children\":[{\"type\":\"image\",\"props\":{\"image\":\"wp-content\\\/uploads\\\/2024\\\/05\\\/logo-mega.png\",\"image_svg_color\":\"emphasis\",\"margin\":\"default\",\"position\":\"relative\",\"position_z_index\":\"3\",\"text_align\":\"center\"}},{\"type\":\"image\",\"props\":{\"image\":\"wp-content\\\/uploads\\\/2024\\\/05\\\/azienda.jpg\",\"image_svg_color\":\"emphasis\",\"margin\":\"default\",\"position\":\"relative\",\"position_top\":\"-70px\",\"text_align\":\"center\"}}]}]}]},{\"type\":\"section\",\"props\":{\"image_position\":\"center-center\",\"padding_remove_top\":true,\"style\":\"default\",\"title_breakpoint\":\"xl\",\"title_position\":\"top-left\",\"title_rotation\":\"left\",\"vertical_align\":\"middle\",\"width\":\"default\"},\"children\":[{\"type\":\"row\",\"children\":[{\"type\":\"column\",\"props\":{\"image_position\":\"center-center\",\"position_sticky_breakpoint\":\"m\"},\"children\":[{\"type\":\"headline\",\"props\":{\"content\":\"Il successo<br \\\/>\\u00e8 spesso figlio di scelte audaci.\",\"css\":\".el-element{font-weight:700}\",\"text_align\":\"center\",\"title_color\":\"primary\",\"title_element\":\"h1\",\"title_style\":\"heading-small\"}},{\"type\":\"image\",\"props\":{\"image\":\"wp-content\\\/uploads\\\/2024\\\/05\\\/mondo.png\",\"image_svg_color\":\"emphasis\",\"margin\":\"default\"}},{\"type\":\"text\",\"props\":{\"block_align\":\"center\",\"column_breakpoint\":\"m\",\"content\":\"\n\n<p>NORMATECH \\u00e8 attiva da molti anni in diverse zone del mondo ed \\u00e8 impegnata nell\\u2019affrontare le esigenze sempre pi\\u00f9 attuali legate alla salvaguardia ambientale per tutte le attivit\\u00e0 di tiro sportivo. Collaborando con le principali federazioni mondiali e le pi\\u00f9 grandi associazioni, NORMATECH offre consulenza e servizi in occasione delle principali manifestazioni sportive. La dimensione internazionale dell\\u2019azienda permette di fornire soluzioni rivolte alla salvaguardia ambientale in tutti i continenti del mondo. Grazie all\\u2019utilizzo di manuali redatti in diverse lingue e di materiali adatti alle varie condizioni climatiche, NORMATECH \\u00e8 in grado di offrire le proprie soluzioni ovunque, contribuendo cos\\u00ec a promuovere la sostenibilit\\u00e0 ambientale nel settore del tiro sportivo su scala mondiale.<\\\/p>\",\"margin\":\"default\",\"margin_remove_top\":false,\"maxwidth\":\"xlarge\"}}]}]}]}],\"version\":\"4.3.13\"} --><\/p>\n","protected":false},"excerpt":{"rendered":"<p>NORMATECH: una realt\u00e0 indiscutibile. NORMATECH nasce dall\u2019esperienza accumulata in pi\u00f9 di mezzo secolo di attivit\u00e0 dalla Eurotarget Srl, azienda primaria nella produzione e vendita di Piattelli per Tiro a Volo. Oggi Eurotarget si \u00e8 unita ad un\u2019altra grande realt\u00e0 del nostro settore che ha operato da pi\u00f9 di vent\u2019anni nella salvaguardia ambientale delle attivit\u00e0 di [&hellip;]<\/p>\n","protected":false},"author":1,"featured_media":0,"parent":0,"menu_order":0,"comment_status":"closed","ping_status":"closed","template":"","meta":{"footnotes":""},"yoast_head":"<!-- This site is optimized with the Yoast SEO plugin v22.8 - https:\/\/yoast.com\/wordpress\/plugins\/seo\/ -->\n<title>Chi siamo - Normatech<\/title>\n<meta name=\"robots\" content=\"index, follow, max-snippet:-1, max-image-preview:large, max-video-preview:-1\" \/>\n<link rel=\"canonical\" href=\"https:\/\/normatech.it\/chi-siamo\/\" \/>\n<meta property=\"og:locale\" content=\"en_US\" \/>\n<meta property=\"og:type\" content=\"article\" \/>\n<meta property=\"og:title\" content=\"Chi siamo - Normatech\" \/>\n<meta property=\"og:description\" content=\"NORMATECH: una realt\u00e0 indiscutibile. NORMATECH nasce dall\u2019esperienza accumulata in pi\u00f9 di mezzo secolo di attivit\u00e0 dalla Eurotarget Srl, azienda primaria nella produzione e vendita di Piattelli per Tiro a Volo. Oggi Eurotarget si \u00e8 unita ad un\u2019altra grande realt\u00e0 del nostro settore che ha operato da pi\u00f9 di vent\u2019anni nella salvaguardia ambientale delle attivit\u00e0 di [&hellip;]\" \/>\n<meta property=\"og:url\" content=\"https:\/\/normatech.it\/chi-siamo\/\" \/>\n<meta property=\"og:site_name\" content=\"Normatech\" \/>\n<meta property=\"article:publisher\" content=\"https:\/\/www.facebook.com\/people\/Normatech\/61558752233208\/\" \/>\n<meta property=\"article:modified_time\" content=\"2024-05-16T09:27:14+00:00\" \/>\n<meta name=\"twitter:card\" content=\"summary_large_image\" \/>\n<meta name=\"twitter:label1\" content=\"Est. reading time\" \/>\n\t<meta name=\"twitter:data1\" content=\"2 minutes\" \/>\n<script type=\"application\/ld+json\" class=\"yoast-schema-graph\">{\"@context\":\"https:\/\/schema.org\",\"@graph\":[{\"@type\":\"WebPage\",\"@id\":\"https:\/\/normatech.it\/chi-siamo\/\",\"url\":\"https:\/\/normatech.it\/chi-siamo\/\",\"name\":\"Chi siamo - Normatech\",\"isPartOf\":{\"@id\":\"https:\/\/normatech.it\/#website\"},\"datePublished\":\"2024-05-07T14:02:46+00:00\",\"dateModified\":\"2024-05-16T09:27:14+00:00\",\"breadcrumb\":{\"@id\":\"https:\/\/normatech.it\/chi-siamo\/#breadcrumb\"},\"inLanguage\":\"en-US\",\"potentialAction\":[{\"@type\":\"ReadAction\",\"target\":[\"https:\/\/normatech.it\/chi-siamo\/\"]}]},{\"@type\":\"BreadcrumbList\",\"@id\":\"https:\/\/normatech.it\/chi-siamo\/#breadcrumb\",\"itemListElement\":[{\"@type\":\"ListItem\",\"position\":1,\"name\":\"Home\",\"item\":\"https:\/\/normatech.it\/\"},{\"@type\":\"ListItem\",\"position\":2,\"name\":\"Chi siamo\"}]},{\"@type\":\"WebSite\",\"@id\":\"https:\/\/normatech.it\/#website\",\"url\":\"https:\/\/normatech.it\/\",\"name\":\"Normatech\",\"description\":\"\",\"publisher\":{\"@id\":\"https:\/\/normatech.it\/#organization\"},\"potentialAction\":[{\"@type\":\"SearchAction\",\"target\":{\"@type\":\"EntryPoint\",\"urlTemplate\":\"https:\/\/normatech.it\/?s={search_term_string}\"},\"query-input\":\"required name=search_term_string\"}],\"inLanguage\":\"en-US\"},{\"@type\":\"Organization\",\"@id\":\"https:\/\/normatech.it\/#organization\",\"name\":\"Normatech\",\"url\":\"https:\/\/normatech.it\/\",\"logo\":{\"@type\":\"ImageObject\",\"inLanguage\":\"en-US\",\"@id\":\"https:\/\/normatech.it\/#\/schema\/logo\/image\/\",\"url\":\"https:\/\/normatech.it\/wp-content\/uploads\/2024\/05\/logo-mega.png\",\"contentUrl\":\"https:\/\/normatech.it\/wp-content\/uploads\/2024\/05\/logo-mega.png\",\"width\":897,\"height\":152,\"caption\":\"Normatech\"},\"image\":{\"@id\":\"https:\/\/normatech.it\/#\/schema\/logo\/image\/\"},\"sameAs\":[\"https:\/\/www.facebook.com\/people\/Normatech\/61558752233208\/\"]}]}<\/script>\n<!-- \/ Yoast SEO plugin. -->","yoast_head_json":{"title":"Chi siamo - Normatech","robots":{"index":"index","follow":"follow","max-snippet":"max-snippet:-1","max-image-preview":"max-image-preview:large","max-video-preview":"max-video-preview:-1"},"canonical":"https:\/\/normatech.it\/chi-siamo\/","og_locale":"en_US","og_type":"article","og_title":"Chi siamo - Normatech","og_description":"NORMATECH: una realt\u00e0 indiscutibile. NORMATECH nasce dall\u2019esperienza accumulata in pi\u00f9 di mezzo secolo di attivit\u00e0 dalla Eurotarget Srl, azienda primaria nella produzione e vendita di Piattelli per Tiro a Volo. Oggi Eurotarget si \u00e8 unita ad un\u2019altra grande realt\u00e0 del nostro settore che ha operato da pi\u00f9 di vent\u2019anni nella salvaguardia ambientale delle attivit\u00e0 di [&hellip;]","og_url":"https:\/\/normatech.it\/chi-siamo\/","og_site_name":"Normatech","article_publisher":"https:\/\/www.facebook.com\/people\/Normatech\/61558752233208\/","article_modified_time":"2024-05-16T09:27:14+00:00","twitter_card":"summary_large_image","twitter_misc":{"Est. reading time":"2 minutes"},"schema":{"@context":"https:\/\/schema.org","@graph":[{"@type":"WebPage","@id":"https:\/\/normatech.it\/chi-siamo\/","url":"https:\/\/normatech.it\/chi-siamo\/","name":"Chi siamo - Normatech","isPartOf":{"@id":"https:\/\/normatech.it\/#website"},"datePublished":"2024-05-07T14:02:46+00:00","dateModified":"2024-05-16T09:27:14+00:00","breadcrumb":{"@id":"https:\/\/normatech.it\/chi-siamo\/#breadcrumb"},"inLanguage":"en-US","potentialAction":[{"@type":"ReadAction","target":["https:\/\/normatech.it\/chi-siamo\/"]}]},{"@type":"BreadcrumbList","@id":"https:\/\/normatech.it\/chi-siamo\/#breadcrumb","itemListElement":[{"@type":"ListItem","position":1,"name":"Home","item":"https:\/\/normatech.it\/"},{"@type":"ListItem","position":2,"name":"Chi siamo"}]},{"@type":"WebSite","@id":"https:\/\/normatech.it\/#website","url":"https:\/\/normatech.it\/","name":"Normatech","description":"","publisher":{"@id":"https:\/\/normatech.it\/#organization"},"potentialAction":[{"@type":"SearchAction","target":{"@type":"EntryPoint","urlTemplate":"https:\/\/normatech.it\/?s={search_term_string}"},"query-input":"required name=search_term_string"}],"inLanguage":"en-US"},{"@type":"Organization","@id":"https:\/\/normatech.it\/#organization","name":"Normatech","url":"https:\/\/normatech.it\/","logo":{"@type":"ImageObject","inLanguage":"en-US","@id":"https:\/\/normatech.it\/#\/schema\/logo\/image\/","url":"https:\/\/normatech.it\/wp-content\/uploads\/2024\/05\/logo-mega.png","contentUrl":"https:\/\/normatech.it\/wp-content\/uploads\/2024\/05\/logo-mega.png","width":897,"height":152,"caption":"Normatech"},"image":{"@id":"https:\/\/normatech.it\/#\/schema\/logo\/image\/"},"sameAs":["https:\/\/www.facebook.com\/people\/Normatech\/61558752233208\/"]}]}},"_links":{"self":[{"href":"https:\/\/normatech.it\/en\/wp-json\/wp\/v2\/pages\/126"}],"collection":[{"href":"https:\/\/normatech.it\/en\/wp-json\/wp\/v2\/pages"}],"about":[{"href":"https:\/\/normatech.it\/en\/wp-json\/wp\/v2\/types\/page"}],"author":[{"embeddable":true,"href":"https:\/\/normatech.it\/en\/wp-json\/wp\/v2\/users\/1"}],"replies":[{"embeddable":true,"href":"https:\/\/normatech.it\/en\/wp-json\/wp\/v2\/comments?post=126"}],"version-history":[{"count":16,"href":"https:\/\/normatech.it\/en\/wp-json\/wp\/v2\/pages\/126\/revisions"}],"predecessor-version":[{"id":518,"href":"https:\/\/normatech.it\/en\/wp-json\/wp\/v2\/pages\/126\/revisions\/518"}],"wp:attachment":[{"href":"https:\/\/normatech.it\/en\/wp-json\/wp\/v2\/media?parent=126"}],"curies":[{"name":"wp","href":"https:\/\/api.w.org\/{rel}","templated":true}]}}